{"id":334,"date":"2023-01-25T05:00:23","date_gmt":"2023-01-25T05:00:23","guid":{"rendered":"https:\/\/anp-silos.com\/datenschutzerklaerung\/"},"modified":"2023-03-06T09:54:50","modified_gmt":"2023-03-06T09:54:50","slug":"privacy-policy","status":"publish","type":"page","link":"https:\/\/anp-silos.com\/en\/privacy-policy\/","title":{"rendered":"Privacy policy"},"content":{"rendered":"<p>&nbsp;<\/p>\n<h2>Privacy Policy<\/h2>\n<p>.<br \/>\nPersonal data (hereinafter referred to as &#8220;data&#8221; for the most part) are processed by us only as necessary and for the purpose of providing a functional and user-friendly website, including its content and the services offered there.<\/p>\n<p>In accordance with Art. 4 no. 1. of Regulation (EU) 2016\/679, i.e. the General Data Protection Regulation (hereinafter referred to only as &#8220;GDPR&#8221;), &#8220;processing&#8221; shall mean any operation or set of operations which is performed upon personal data, whether or not by automated means, such as collection, recording, organization, arrangement, storage, adaptation or alteration, retrieval, consultation, use, disclosure by transmission, dissemination or otherwise making available, alignment or combination, restriction, erasure or destruction.<\/p>\n<p>With the following privacy policy, we inform you in particular about the nature, scope, purpose, duration and legal basis of the processing of personal data, insofar as we decide either alone or jointly with others on the purposes and means of processing. In addition, we inform you below about the third-party components used by us for optimization purposes as well as to increase the quality of use, insofar as third parties process data through this, again under their own responsibility.<\/p>\n<p>Our data protection declaration is structured as follows:<\/p>\n<p>I. Information about us as the responsible party<br \/>\nII. rights of users and data subjects<br \/>\nIII. Informationen zur Datenverarbeitung<\/p>\n<h3>I. Informationen \u00fcber uns als Verantwortliche<\/h3>\n<p>Verantwortlicher Anbieter dieses Internetauftritts im datenschutzrechtlichen Sinne ist:<\/p>\n<p>ANP Silos GmbH<br \/>\nNaweed Popal<br \/>\nLanglachweg 4<br \/>\n68229 Mannheim<\/p>\n<p>Telefon: 0621 7244000<br \/>\nTelefax: 0621 7244137<br \/>\nE-Mail: <a href=\"info@anp-silos.com\" target=\"_blank\" rel=\"noopener\">info[ad]anp-silos.com<\/a><\/p>\n<h3>II. Rechte der Nutzer und Betroffenen<\/h3>\n<p>Mit Blick auf die nachfolgend noch n\u00e4her beschriebene Datenverarbeitung haben die Nutzer und Betroffenen das Recht<\/p>\n<ul>\n<li>auf Best\u00e4tigung, ob sie betreffende Daten verarbeitet werden, auf Auskunft \u00fcber die verarbeiteten Daten, auf weitere Informationen \u00fcber die Datenverarbeitung sowie auf Kopien der Daten (vgl. auch Art. 15 DSGVO);<\/li>\n<li>auf Berichtigung oder Vervollst\u00e4ndigung unrichtiger bzw. unvollst\u00e4ndiger Daten (vgl. auch Art. 16 DSGVO);<\/li>\n<li>auf unverz\u00fcgliche L\u00f6schung der sie betreffenden Daten (vgl. auch Art. 17 DSGVO), oder, alternativ, soweit eine weitere Verarbeitung gem\u00e4\u00df Art. 17 Abs. 3 DSGVO erforderlich ist, auf Einschr\u00e4nkung der Verarbeitung nach Ma\u00dfgabe von Art. 18 DSGVO;<\/li>\n<li>auf Erhalt der sie betreffenden und von ihnen bereitgestellten Daten und auf \u00dcbermittlung dieser Daten an andere Anbieter\/Verantwortliche (vgl. auch Art. 20 DSGVO);<\/li>\n<li>auf Beschwerde gegen\u00fcber der Aufsichtsbeh\u00f6rde, sofern sie der Ansicht sind, dass die sie betreffenden Daten durch den Anbieter unter Versto\u00df gegen datenschutzrechtliche Bestimmungen verarbeitet werden (vgl. auch Art. 77 DSGVO).<\/li>\n<\/ul>\n<p>Dar\u00fcber hinaus ist der Anbieter dazu verpflichtet, alle Empf\u00e4nger, denen gegen\u00fcber Daten durch den Anbieter offengelegt worden sind, \u00fcber jedwede Berichtigung oder L\u00f6schung von Daten oder die Einschr\u00e4nkung der Verarbeitung, die aufgrund der Artikel 16, 17 Abs. 1, 18 DSGVO erfolgt, zu unterrichten. Diese Verpflichtung besteht jedoch nicht, soweit diese Mitteilung unm\u00f6glich oder mit einem unverh\u00e4ltnism\u00e4\u00dfigen Aufwand verbunden ist. Unbeschadet dessen hat der Nutzer ein Recht auf Auskunft \u00fcber diese Empf\u00e4nger.<\/p>\n<p><strong>Ebenfalls haben die Nutzer und Betroffenen nach Art. 21 DSGVO das Recht auf Widerspruch gegen die k\u00fcnftige Verarbeitung der sie betreffenden Daten, sofern die Daten durch den Anbieter nach Ma\u00dfgabe von Art. 6 Abs. 1 lit. f) DSGVO verarbeitet werden. In particular, an objection to data processing for the purpose of direct marketing is admissible.<\/strong>.<\/p>\n<h3>III. Information on data processing<\/h3>\n<p>Your data processed when using our website will be deleted or blocked as soon as the purpose of the storage no longer applies, the deletion of the data does not conflict with any statutory retention obligations and no other information is provided below on individual processing procedures.<\/p>\n<h4 class=\"jet-listing-dynamic-field__content\">Cookie Manager<\/h4>\n<p>.<br \/>\nTo obtain consent for the use of technically unnecessary cookies on the website, the provider uses a cookie manager.<\/p>\n<p>When the website is called up, a cookie with the setting information is stored on the user&#8217;s end device so that the query regarding consent does not have to be made during a further visit.<\/p>\n<p>The cookie is necessary to obtain the user&#8217;s legally compliant consent.<\/p>\n<p>The user can prevent or terminate the installation of the cookies by settings of his browser.<\/p>\n<h4 class=\"jet-listing-dynamic-field__content\">Cookies<\/h4>\n<p>.<\/p>\n<h5>a) Session cookies<\/h5>\n<p>.<br \/>\nWe use so-called cookies with our website. Cookies are small text files or other storage technologies that are placed and stored on your terminal device by the Internet browser you use. Through these cookies, certain information from you, such as your browser or location data or your IP address, is processed to an individual extent.<\/p>\n<p>This processing makes our website more user-friendly, effective and secure, as the processing enables, for example, the reproduction of our website in different languages or the offer of a shopping cart function.<\/p>\n<p>The legal basis for this processing is Art. 6 para. 1 lit b.) DSGVO, insofar as these cookies data are processed for contract initiation or contract execution.<\/p>\n<p>If the processing does not serve the purpose of initiating or executing a contract, our legitimate interest lies in improving the functionality of our website. In this case, the legal basis is Art. 6 para. 1 lit. f) DSGVO.<\/p>\n<p>When you close your internet browser, these session cookies are deleted.<\/p>\n<h5>b) Third-party cookies<\/h5>\n<p>.<br \/>\nWhere applicable, cookies from partner companies with which we cooperate for the purposes of advertising, analysis or the functionalities of our website are also used with our website.<\/p>\n<p>The details of this, in particular the purposes and legal bases of the processing of such third-party cookies, please refer to the following information.<\/p>\n<h5>c) Removal option<\/h5>\n<p>.<br \/>\nYou can prevent or restrict the installation of cookies by setting your Internet browser. Likewise, you can delete already stored cookies at any time. However, the steps and measures required for this depend on your specific Internet browser used. If you have any questions, please use the help function or documentation of your Internet browser or contact its manufacturer or support. In the case of so-called Flash cookies, however, processing cannot be prevented via the browser settings. Instead, you must change the settings of your Flash player. The steps and measures required for this also depend on the specific Flash player you use. If you have any questions, please also use the help function or documentation of your Flash player or contact the manufacturer or user support.<\/p>\n<p>However, if you prevent or restrict the installation of cookies, this may mean that not all functions of our website can be fully used.<\/p>\n<h4 class=\"jet-listing-dynamic-field__content\">Contact requests \/ contact possibility<\/h4>\n<p>.<br \/>\nIf you contact us via contact form or e-mail, the data you provide will be used to process your request. The provision of the data is necessary for processing and answering your request &#8211; without their provision, we can not answer your request or at best limited.<\/p>\n<p>The legal basis for this processing is Art. 6 para. 1 lit. b) DSGVO.<\/p>\n<p>Your data will be deleted if your request has been answered conclusively and the deletion does not conflict with any statutory retention obligations, such as in the case of any subsequent contract processing.<\/p>\n<h4 class=\"jet-listing-dynamic-field__content\">Server data<\/h4>\n<p>.<br \/>\nFor technical reasons, in particular to ensure a secure and stable Internet presence, data is transmitted by your Internet browser to us or to our web space provider. With these so-called server log files, among other things, the type and version of your Internet browser, the operating system, the website from which you have accessed our website (referrer URL), the website(s) of our website that you visit, the date and time of the respective access and the IP address of the Internet connection from which the use of our website.<\/p>\n<p>The data collected in this way is temporarily stored, but not together with other data about you.<\/p>\n<p>is storage takes place on the legal basis of Art. 6 para. 1 lit. f) DSGVO. Our legitimate interest lies in the improvement, stability, functionality and security of our website.<\/p>\n<p>The data will be deleted again after seven days at the latest, unless further storage is required for evidence purposes. Otherwise, the data is exempt from deletion in whole or in part until final clarification of an incident.<\/p>\n<p><a href=\"https:\/\/www.generator-datenschutzerkl\u00e4rung.de\" target=\"_blank\" rel=\"noopener\">Muster-Datenschutzerkl\u00e4rung<\/a> the<a href=\"https:\/\/www.ratgeberrecht.eu\/datenschutz\/datenschutzerklaerung-generator-dsgvo.html\" target=\"_blank\" rel=\"noopener\">Law firm Wei\u00df &amp; Partner<\/a><\/p>\n","protected":false},"excerpt":{"rendered":"<p>&nbsp; Privacy Policy . Personal data (hereinafter referred to as &#8220;data&#8221; for the most part) are processed by us only as necessary and for the purpose of providing a functional and user-friendly website, including its content and the services offered there. In accordance with Art. 4 no. 1. of Regulation (EU) 2016\/679, i.e. the General [&hellip;]<\/p>\n","protected":false},"author":1,"featured_media":0,"parent":0,"menu_order":0,"comment_status":"closed","ping_status":"closed","template":"","meta":{"inline_featured_image":false,"footnotes":""},"class_list":["post-334","page","type-page","status-publish","hentry"],"acf":[],"_links":{"self":[{"href":"https:\/\/anp-silos.com\/en\/wp-json\/wp\/v2\/pages\/334","targetHints":{"allow":["GET"]}}],"collection":[{"href":"https:\/\/anp-silos.com\/en\/wp-json\/wp\/v2\/pages"}],"about":[{"href":"https:\/\/anp-silos.com\/en\/wp-json\/wp\/v2\/types\/page"}],"author":[{"embeddable":true,"href":"https:\/\/anp-silos.com\/en\/wp-json\/wp\/v2\/users\/1"}],"replies":[{"embeddable":true,"href":"https:\/\/anp-silos.com\/en\/wp-json\/wp\/v2\/comments?post=334"}],"version-history":[{"count":4,"href":"https:\/\/anp-silos.com\/en\/wp-json\/wp\/v2\/pages\/334\/revisions"}],"predecessor-version":[{"id":681,"href":"https:\/\/anp-silos.com\/en\/wp-json\/wp\/v2\/pages\/334\/revisions\/681"}],"wp:attachment":[{"href":"https:\/\/anp-silos.com\/en\/wp-json\/wp\/v2\/media?parent=334"}],"curies":[{"name":"wp","href":"https:\/\/api.w.org\/{rel}","templated":true}]}}